{"id":570,"date":"2018-11-27T21:16:48","date_gmt":"2018-11-27T21:16:48","guid":{"rendered":"http:\/\/indagocontenidos.com\/01\/\/?page_id=570"},"modified":"2025-05-26T13:30:34","modified_gmt":"2025-05-26T13:30:34","slug":"links","status":"publish","type":"page","link":"http:\/\/indagocontenidos.com\/01\/links\/","title":{"rendered":"Links"},"content":{"rendered":"<p><a href=\"https:\/\/research.bangor.ac.uk\/portal\/files\/19043991\/2016_Development_of_phoneme_awareness.pdf\" target=\"_blank\" rel=\"noopener\">Development of phoneme awareness<\/a><\/p>\n<p><a href=\"http:\/\/www.concualva.com\" target=\"_blank\" rel=\"noopener\">Con cu\u00e1l va<\/a><\/p>\n<p><a href=\"https:\/\/www.paidoslibreria.com.ar\/\" target=\"_blank\" rel=\"noopener\">Librer\u00eda PAID\u00d3S<\/a><\/p>\n","protected":false},"excerpt":{"rendered":"<p>Development of phoneme awareness Con cu\u00e1l va Librer\u00eda PAID\u00d3S<\/p>\n","protected":false},"author":1,"featured_media":0,"parent":0,"menu_order":0,"comment_status":"closed","ping_status":"closed","template":"","meta":{"footnotes":""},"class_list":["post-570","page","type-page","status-publish","hentry"],"_links":{"self":[{"href":"http:\/\/indagocontenidos.com\/01\/wp-json\/wp\/v2\/pages\/570","targetHints":{"allow":["GET"]}}],"collection":[{"href":"http:\/\/indagocontenidos.com\/01\/wp-json\/wp\/v2\/pages"}],"about":[{"href":"http:\/\/indagocontenidos.com\/01\/wp-json\/wp\/v2\/types\/page"}],"author":[{"embeddable":true,"href":"http:\/\/indagocontenidos.com\/01\/wp-json\/wp\/v2\/users\/1"}],"replies":[{"embeddable":true,"href":"http:\/\/indagocontenidos.com\/01\/wp-json\/wp\/v2\/comments?post=570"}],"version-history":[{"count":9,"href":"http:\/\/indagocontenidos.com\/01\/wp-json\/wp\/v2\/pages\/570\/revisions"}],"predecessor-version":[{"id":1515,"href":"http:\/\/indagocontenidos.com\/01\/wp-json\/wp\/v2\/pages\/570\/revisions\/1515"}],"wp:attachment":[{"href":"http:\/\/indagocontenidos.com\/01\/wp-json\/wp\/v2\/media?parent=570"}],"curies":[{"name":"wp","href":"https:\/\/api.w.org\/{rel}","templated":true}]}}