{"id":283,"date":"2018-09-03T17:28:42","date_gmt":"2018-09-03T17:28:42","guid":{"rendered":"http:\/\/indagocontenidos.com\/01\/\/?page_id=283"},"modified":"2019-02-01T16:23:07","modified_gmt":"2019-02-01T16:23:07","slug":"lee","status":"publish","type":"page","link":"http:\/\/indagocontenidos.com\/01\/lee\/","title":{"rendered":"LEE comprensivamente"},"content":{"rendered":"\t\t<div data-elementor-type=\"wp-post\" data-elementor-id=\"283\" class=\"elementor elementor-283 elementor-bc-flex-widget\">\n\t\t\t\t\t\t<section class=\"elementor-section elementor-top-section elementor-element elementor-element-801f850 elementor-section-boxed elementor-section-height-default elementor-section-height-default\" data-id=\"801f850\" data-element_type=\"section\" data-e-type=\"section\">\n\t\t\t\t\t\t<div class=\"elementor-container elementor-column-gap-default\">\n\t\t\t\t\t<div class=\"elementor-column elementor-col-100 elementor-top-column elementor-element elementor-element-4f45e5b\" data-id=\"4f45e5b\" data-element_type=\"column\" data-e-type=\"column\">\n\t\t\t<div class=\"elementor-widget-wrap elementor-element-populated\">\n\t\t\t\t\t\t<div class=\"elementor-element elementor-element-0cff4e9 elementor-widget-divider--view-line elementor-widget elementor-widget-divider\" data-id=\"0cff4e9\" data-element_type=\"widget\" data-e-type=\"widget\" data-widget_type=\"divider.default\">\n\t\t\t\t<div class=\"elementor-widget-container\">\n\t\t\t\t\t\t\t<div class=\"elementor-divider\">\n\t\t\t<span class=\"elementor-divider-separator\">\n\t\t\t\t\t\t<\/span>\n\t\t<\/div>\n\t\t\t\t\t\t<\/div>\n\t\t\t\t<\/div>\n\t\t\t\t<div class=\"elementor-element elementor-element-3390423 elementor-widget elementor-widget-text-editor\" data-id=\"3390423\" data-element_type=\"widget\" data-e-type=\"widget\" data-widget_type=\"text-editor.default\">\n\t\t\t\t<div class=\"elementor-widget-container\">\n\t\t\t\t\t\t\t\t\t<p class=\"p1\"><span class=\"s1\">Es un programa de estimulaci\u00f3n de la comprensi\u00f3n lectora.<\/span><\/p><p class=\"p1\"><span class=\"s1\">Este programa de intervenci\u00f3n es el resultado del proyecto e investigaci\u00f3n <i>Comprensi\u00f3n Lectora. Nuevas propuestas para el desarrollo de estrategias y habilidades<\/i>, subsidiado por la Universidad Nacional de San Mart\u00edn.<\/span><\/p><p class=\"p1\"><span class=\"s1\">Est\u00e1 dise\u00f1ado para ser utilizado con ni\u00f1os de 3ero y 4to grado, pero puede ser utilizado en otros niveles escolares de acuerdo a la competencia lectora. <\/span><\/p>\t\t\t\t\t\t\t\t<\/div>\n\t\t\t\t<\/div>\n\t\t\t\t<div class=\"elementor-element elementor-element-9722c93 elementor-widget elementor-widget-image\" data-id=\"9722c93\" data-element_type=\"widget\" data-e-type=\"widget\" data-widget_type=\"image.default\">\n\t\t\t\t<div class=\"elementor-widget-container\">\n\t\t\t\t\t\t\t\t\t\t\t\t\t\t\t<img fetchpriority=\"high\" decoding=\"async\" width=\"1024\" height=\"689\" src=\"http:\/\/indagocontenidos.com\/01\/wp-content\/uploads\/2018\/10\/leecomprensivamente-1024x689.jpg\" class=\"attachment-large size-large wp-image-460\" alt=\"\" srcset=\"http:\/\/indagocontenidos.com\/01\/wp-content\/uploads\/2018\/10\/leecomprensivamente-1024x689.jpg 1024w, http:\/\/indagocontenidos.com\/01\/wp-content\/uploads\/2018\/10\/leecomprensivamente-300x202.jpg 300w, http:\/\/indagocontenidos.com\/01\/wp-content\/uploads\/2018\/10\/leecomprensivamente-768x517.jpg 768w, http:\/\/indagocontenidos.com\/01\/wp-content\/uploads\/2018\/10\/leecomprensivamente-830x559.jpg 830w, http:\/\/indagocontenidos.com\/01\/wp-content\/uploads\/2018\/10\/leecomprensivamente-230x155.jpg 230w, http:\/\/indagocontenidos.com\/01\/wp-content\/uploads\/2018\/10\/leecomprensivamente-350x236.jpg 350w, http:\/\/indagocontenidos.com\/01\/wp-content\/uploads\/2018\/10\/leecomprensivamente-480x323.jpg 480w\" sizes=\"(max-width: 1024px) 100vw, 1024px\" \/>\t\t\t\t\t\t\t\t\t\t\t\t\t\t\t<\/div>\n\t\t\t\t<\/div>\n\t\t\t\t<div class=\"elementor-element elementor-element-79574cd elementor-widget elementor-widget-text-editor\" data-id=\"79574cd\" data-element_type=\"widget\" data-e-type=\"widget\" data-widget_type=\"text-editor.default\">\n\t\t\t\t<div class=\"elementor-widget-container\">\n\t\t\t\t\t\t\t\t\t<p class=\"p1\"><span class=\"s1\">LEE <i>comprensivamente <\/i>est\u00e1 organizado en dos libros: El primero la <b>gu\u00eda te\u00f3rica<\/b>, dirigido a Docentes y profesionales de la educaci\u00f3n, tiene como objetivo proveer los fundamentos te\u00f3ricos de la propuesta, orientar acerca de c\u00f3mo aplicar el programa y exponer los resultados de la investigaci\u00f3n llevada a cabo.<\/span><\/p><p class=\"p1\"><span class=\"s1\">El segundo, el<b> libro de actividades <\/b>est\u00e1 integrado por 16 unidades de trabajo con actividades articuladas en torno a un texto narrativo o expositivo y organizadas<span class=\"Apple-converted-space\">\u00a0 <\/span>sobre 4 ejes de trabajo: Monitoreo o autorregulaci\u00f3n de la comprensi\u00f3n, generaci\u00f3n de inferencias, Comprensi\u00f3n de la estructura textual y Vocabulario.<\/span><\/p><p class=\"p1\"><span class=\"s1\">Este programa no est\u00e1 pensado como una sucesi\u00f3n de actividades que el ni\u00f1o debe resolver de forma aislada sino como el producto de un intercambio de saberes entre la figura ense\u00f1ante y el aprendiente, fundamentados en la ense\u00f1anza rec\u00edproca (Palincsar y Brawn, 1984).<\/span><\/p><p class=\"p1\"><span class=\"s1\">LEE comprensivamente es una herramienta fundamental para completar el trabajo de los educadores sobre las estrategias de comprensi\u00f3n lectora que construyen los ni\u00f1os desde un punto de vista metacognitivo.<span class=\"Apple-converted-space\">\u00a0 <\/span>LEO Y LEA, dos simp\u00e1ticos personajes protagonistas de este viaje, que se constituyen poco a poco en representantes de la voz interior facilitadora de la autorregulaci\u00f3n de los procesos de comprensi\u00f3n.<\/span><\/p>\t\t\t\t\t\t\t\t<\/div>\n\t\t\t\t<\/div>\n\t\t\t\t<section class=\"elementor-section elementor-inner-section elementor-element elementor-element-db68917 elementor-section-boxed elementor-section-height-default elementor-section-height-default\" data-id=\"db68917\" data-element_type=\"section\" data-e-type=\"section\">\n\t\t\t\t\t\t<div class=\"elementor-container elementor-column-gap-default\">\n\t\t\t\t\t<div class=\"elementor-column elementor-col-50 elementor-inner-column elementor-element elementor-element-7de5f68\" data-id=\"7de5f68\" data-element_type=\"column\" data-e-type=\"column\">\n\t\t\t<div class=\"elementor-widget-wrap elementor-element-populated\">\n\t\t\t\t\t\t<div class=\"elementor-element elementor-element-d91f2a4 elementor-widget elementor-widget-image\" data-id=\"d91f2a4\" data-element_type=\"widget\" data-e-type=\"widget\" data-widget_type=\"image.default\">\n\t\t\t\t<div class=\"elementor-widget-container\">\n\t\t\t\t\t\t\t\t\t\t\t\t\t\t\t<img decoding=\"async\" width=\"225\" height=\"225\" src=\"http:\/\/indagocontenidos.com\/01\/wp-content\/uploads\/2018\/08\/download.jpeg\" class=\"attachment-large size-large wp-image-222\" alt=\"\" srcset=\"http:\/\/indagocontenidos.com\/01\/wp-content\/uploads\/2018\/08\/download.jpeg 225w, http:\/\/indagocontenidos.com\/01\/wp-content\/uploads\/2018\/08\/download-150x150.jpeg 150w\" sizes=\"(max-width: 225px) 100vw, 225px\" \/>\t\t\t\t\t\t\t\t\t\t\t\t\t\t\t<\/div>\n\t\t\t\t<\/div>\n\t\t\t\t\t<\/div>\n\t\t<\/div>\n\t\t\t\t<div class=\"elementor-column elementor-col-50 elementor-inner-column elementor-element elementor-element-3543f6c\" data-id=\"3543f6c\" data-element_type=\"column\" data-e-type=\"column\">\n\t\t\t<div class=\"elementor-widget-wrap elementor-element-populated\">\n\t\t\t\t\t\t<div class=\"elementor-element elementor-element-22cfbf7 elementor-widget elementor-widget-image\" data-id=\"22cfbf7\" data-element_type=\"widget\" data-e-type=\"widget\" data-widget_type=\"image.default\">\n\t\t\t\t<div class=\"elementor-widget-container\">\n\t\t\t\t\t\t\t\t\t\t\t\t\t\t\t\t<a href=\"http:\/\/localhost:8888\/indagocontenidos\/wp-content\/uploads\/2018\/10\/consejo1.png\" data-elementor-open-lightbox=\"yes\" data-elementor-lightbox-title=\"consejo1\" data-e-action-hash=\"#elementor-action%3Aaction%3Dlightbox%26settings%3DeyJpZCI6MzQzLCJ1cmwiOiJodHRwOlwvXC9pbmRhZ29jb250ZW5pZG9zLmNvbVwvMDFcL3dwLWNvbnRlbnRcL3VwbG9hZHNcLzIwMThcLzEwXC9jb25zZWpvMS5wbmcifQ%3D%3D\">\n\t\t\t\t\t\t\t<img decoding=\"async\" width=\"442\" height=\"118\" src=\"http:\/\/indagocontenidos.com\/01\/wp-content\/uploads\/2018\/10\/consejo1.png\" class=\"attachment-large size-large wp-image-343\" alt=\"\" srcset=\"http:\/\/indagocontenidos.com\/01\/wp-content\/uploads\/2018\/10\/consejo1.png 442w, http:\/\/indagocontenidos.com\/01\/wp-content\/uploads\/2018\/10\/consejo1-300x80.png 300w, http:\/\/indagocontenidos.com\/01\/wp-content\/uploads\/2018\/10\/consejo1-230x61.png 230w, http:\/\/indagocontenidos.com\/01\/wp-content\/uploads\/2018\/10\/consejo1-350x93.png 350w\" sizes=\"(max-width: 442px) 100vw, 442px\" \/>\t\t\t\t\t\t\t\t<\/a>\n\t\t\t\t\t\t\t\t\t\t\t\t\t\t\t<\/div>\n\t\t\t\t<\/div>\n\t\t\t\t<div class=\"elementor-element elementor-element-148e682 elementor-widget elementor-widget-image\" data-id=\"148e682\" data-element_type=\"widget\" data-e-type=\"widget\" data-widget_type=\"image.default\">\n\t\t\t\t<div class=\"elementor-widget-container\">\n\t\t\t\t\t\t\t\t\t\t\t\t\t\t\t\t<a href=\"http:\/\/localhost:8888\/indagocontenidos\/wp-content\/uploads\/2018\/10\/consejo2.png\" data-elementor-open-lightbox=\"yes\" data-elementor-lightbox-title=\"consejo2\" data-e-action-hash=\"#elementor-action%3Aaction%3Dlightbox%26settings%3DeyJpZCI6MzQ0LCJ1cmwiOiJodHRwOlwvXC9pbmRhZ29jb250ZW5pZG9zLmNvbVwvMDFcL3dwLWNvbnRlbnRcL3VwbG9hZHNcLzIwMThcLzEwXC9jb25zZWpvMi5wbmcifQ%3D%3D\">\n\t\t\t\t\t\t\t<img loading=\"lazy\" decoding=\"async\" width=\"442\" height=\"118\" src=\"http:\/\/indagocontenidos.com\/01\/wp-content\/uploads\/2018\/10\/consejo2.png\" class=\"attachment-large size-large wp-image-344\" alt=\"\" srcset=\"http:\/\/indagocontenidos.com\/01\/wp-content\/uploads\/2018\/10\/consejo2.png 442w, http:\/\/indagocontenidos.com\/01\/wp-content\/uploads\/2018\/10\/consejo2-300x80.png 300w, http:\/\/indagocontenidos.com\/01\/wp-content\/uploads\/2018\/10\/consejo2-230x61.png 230w, http:\/\/indagocontenidos.com\/01\/wp-content\/uploads\/2018\/10\/consejo2-350x93.png 350w\" sizes=\"(max-width: 442px) 100vw, 442px\" \/>\t\t\t\t\t\t\t\t<\/a>\n\t\t\t\t\t\t\t\t\t\t\t\t\t\t\t<\/div>\n\t\t\t\t<\/div>\n\t\t\t\t\t<\/div>\n\t\t<\/div>\n\t\t\t\t\t<\/div>\n\t\t<\/section>\n\t\t\t\t<div class=\"elementor-element elementor-element-94009ec elementor-widget elementor-widget-image\" data-id=\"94009ec\" data-element_type=\"widget\" data-e-type=\"widget\" data-widget_type=\"image.default\">\n\t\t\t\t<div class=\"elementor-widget-container\">\n\t\t\t\t\t\t\t\t\t\t\t\t\t\t\t\t<a href=\"http:\/\/localhost:8888\/indagocontenidos\/wp-content\/uploads\/2018\/10\/leoyleagde.jpg\" data-elementor-open-lightbox=\"yes\" data-elementor-lightbox-title=\"leoyleagde\" data-e-action-hash=\"#elementor-action%3Aaction%3Dlightbox%26settings%3DeyJpZCI6MzQ2LCJ1cmwiOiJodHRwOlwvXC9pbmRhZ29jb250ZW5pZG9zLmNvbVwvMDFcL3dwLWNvbnRlbnRcL3VwbG9hZHNcLzIwMThcLzEwXC9sZW95bGVhZ2RlLmpwZyJ9\">\n\t\t\t\t\t\t\t<img loading=\"lazy\" decoding=\"async\" width=\"703\" height=\"191\" src=\"http:\/\/indagocontenidos.com\/01\/wp-content\/uploads\/2018\/10\/leoyleagde.jpg\" class=\"attachment-large size-large wp-image-346\" alt=\"\" srcset=\"http:\/\/indagocontenidos.com\/01\/wp-content\/uploads\/2018\/10\/leoyleagde.jpg 703w, http:\/\/indagocontenidos.com\/01\/wp-content\/uploads\/2018\/10\/leoyleagde-300x82.jpg 300w, http:\/\/indagocontenidos.com\/01\/wp-content\/uploads\/2018\/10\/leoyleagde-230x62.jpg 230w, http:\/\/indagocontenidos.com\/01\/wp-content\/uploads\/2018\/10\/leoyleagde-350x95.jpg 350w, http:\/\/indagocontenidos.com\/01\/wp-content\/uploads\/2018\/10\/leoyleagde-480x130.jpg 480w\" sizes=\"(max-width: 703px) 100vw, 703px\" \/>\t\t\t\t\t\t\t\t<\/a>\n\t\t\t\t\t\t\t\t\t\t\t\t\t\t\t<\/div>\n\t\t\t\t<\/div>\n\t\t\t\t<div class=\"elementor-element elementor-element-df7b166 elementor-widget elementor-widget-text-editor\" data-id=\"df7b166\" data-element_type=\"widget\" data-e-type=\"widget\" data-widget_type=\"text-editor.default\">\n\t\t\t\t<div class=\"elementor-widget-container\">\n\t\t\t\t\t\t\t\t\t<a href=\"http:\/\/www.leetestdelecturayescritura.com\/productos\/lee-comprensivamente\/\" target=\"_blank\" rel=\"noopener\">&gt; Ir a la p\u00e1gina del programa.<\/a>\t\t\t\t\t\t\t\t<\/div>\n\t\t\t\t<\/div>\n\t\t\t\t\t<\/div>\n\t\t<\/div>\n\t\t\t\t\t<\/div>\n\t\t<\/section>\n\t\t\t\t<\/div>\n\t\t","protected":false},"excerpt":{"rendered":"<p>Es un programa de estimulaci\u00f3n de la comprensi\u00f3n lectora. Este programa de intervenci\u00f3n es el resultado del proyecto e investigaci\u00f3n Comprensi\u00f3n Lectora. [&hellip;]<\/p>\n","protected":false},"author":1,"featured_media":0,"parent":0,"menu_order":0,"comment_status":"closed","ping_status":"closed","template":"","meta":{"footnotes":""},"class_list":["post-283","page","type-page","status-publish","hentry"],"_links":{"self":[{"href":"http:\/\/indagocontenidos.com\/01\/wp-json\/wp\/v2\/pages\/283","targetHints":{"allow":["GET"]}}],"collection":[{"href":"http:\/\/indagocontenidos.com\/01\/wp-json\/wp\/v2\/pages"}],"about":[{"href":"http:\/\/indagocontenidos.com\/01\/wp-json\/wp\/v2\/types\/page"}],"author":[{"embeddable":true,"href":"http:\/\/indagocontenidos.com\/01\/wp-json\/wp\/v2\/users\/1"}],"replies":[{"embeddable":true,"href":"http:\/\/indagocontenidos.com\/01\/wp-json\/wp\/v2\/comments?post=283"}],"version-history":[{"count":19,"href":"http:\/\/indagocontenidos.com\/01\/wp-json\/wp\/v2\/pages\/283\/revisions"}],"predecessor-version":[{"id":1025,"href":"http:\/\/indagocontenidos.com\/01\/wp-json\/wp\/v2\/pages\/283\/revisions\/1025"}],"wp:attachment":[{"href":"http:\/\/indagocontenidos.com\/01\/wp-json\/wp\/v2\/media?parent=283"}],"curies":[{"name":"wp","href":"https:\/\/api.w.org\/{rel}","templated":true}]}}